{"id":57,"date":"2018-05-02T08:03:48","date_gmt":"2018-05-02T08:03:48","guid":{"rendered":"http:\/\/kanzlei-luebben.de\/?page_id=57"},"modified":"2018-05-02T08:59:41","modified_gmt":"2018-05-02T08:59:41","slug":"philosophie","status":"publish","type":"page","link":"https:\/\/kanzlei-luebben.de\/?page_id=57","title":{"rendered":"Philosophie"},"content":{"rendered":"<p>[vc_row][vc_column][vc_custom_heading text=&#8220;PHILOSOPHIE&#8220; font_container=&#8220;tag:h2|text_align:left|color:%23950101&#8243; use_theme_fonts=&#8220;yes&#8220;][vc_separator color=&#8220;custom&#8220; accent_color=&#8220;#950101&#8243;][\/vc_column][\/vc_row][vc_row][vc_column][vc_column_text]<\/p>\n<h4>Kompetenz<\/h4>\n<p>Kompetenz ist Grundvoraussetzung f\u00fcr die erfolgreiche Erbringung einer Dienstleistung. Erreicht wird dies durch eine umfangreiche und regelm\u00e4ssige Fortbildung.<br \/>\nThemen\u00fcbergreifende Mandate werden u.a.\u00a0in Zusammenarbeit mit dem IT &#8211; Spezialisten Herrn Christian Kaufmann betreut.<\/p>\n<h4>Engagement<\/h4>\n<p>Engagement bedeutet, auf den Mandanten zugeschnittene, individuelle L\u00f6sungen erarbeiten und umsetzen. Vorrangiges Ziel dabei ist es, die Mandanteninteressen durchzusetzen, ob im kosteng\u00fcnstigeren aussergerichtlichen Bereich oder im Prozess vor Gericht.<\/p>\n<h4>Kommunikation<\/h4>\n<p>Kommunikation mit dem Mandanten ist f\u00fcr eine optimale Rechtsberatung essentiell. Es wird daher grosser Wert auf einen umfassenden Informationsaustausch mit dem Mandanten sowie eine individuelle und pers\u00f6nliche Betreuung gelegt.<\/p>\n<h4>Mobilit\u00e4t<\/h4>\n<p>Die Kanzlei L\u00dcBBEN ist \u00fcber die Stadtgrenzen hinaus t\u00e4tig. Gerne suchen wir Sie auch in Ihren Gesch\u00e4ftsr\u00e4umen auf.<\/p>\n<h4>Flexibilit\u00e4t<\/h4>\n<p>Flexibilit\u00e4t bedeutet individuelle Probleml\u00f6sung auch abseits der eingefahrenen juristischen Wege. Dabei wird auch der wirtschaftliche Aspekt nicht vernachl\u00e4ssigt.<br \/>\nKurzfristige <a href=\"http:\/\/www.kanzlei-luebben.de\/kontakt\/\">Terminabsprachen<\/a>, auch ausserhalb der B\u00fcrozeiten, sind eine Selbstverst\u00e4ndlichkeit.[\/vc_column_text][\/vc_column][\/vc_row]<\/p>\n","protected":false},"excerpt":{"rendered":"<p>[vc_row][vc_column][vc_custom_heading text=&#8220;PHILOSOPHIE&#8220; font_container=&#8220;tag:h2|text_align:left|color:%23950101&#8243; use_theme_fonts=&#8220;yes&#8220;][vc_separator color=&#8220;custom&#8220; accent_color=&#8220;#950101&#8243;][\/vc_column][\/vc_row][vc_row][vc_column][vc_column_text] Kompetenz Kompetenz ist Grundvoraussetzung f\u00fcr die erfolgreiche Erbringung einer Dienstleistung. Erreicht wird dies durch eine umfangreiche und regelm\u00e4ssige Fortbildung. Themen\u00fcbergreifende Mandate werden u.a.\u00a0in Zusammenarbeit mit dem IT &#8211; Spezialisten Herrn Christian Kaufmann betreut. Engagement Engagement bedeutet, auf den Mandanten zugeschnittene, individuelle L\u00f6sungen erarbeiten und umsetzen. Vorrangiges Ziel dabei ist [&hellip;]<\/p>\n","protected":false},"author":1,"featured_media":0,"parent":0,"menu_order":0,"comment_status":"closed","ping_status":"closed","template":"","meta":[],"aioseo_notices":[],"_links":{"self":[{"href":"https:\/\/kanzlei-luebben.de\/index.php?rest_route=\/wp\/v2\/pages\/57"}],"collection":[{"href":"https:\/\/kanzlei-luebben.de\/index.php?rest_route=\/wp\/v2\/pages"}],"about":[{"href":"https:\/\/kanzlei-luebben.de\/index.php?rest_route=\/wp\/v2\/types\/page"}],"author":[{"embeddable":true,"href":"https:\/\/kanzlei-luebben.de\/index.php?rest_route=\/wp\/v2\/users\/1"}],"replies":[{"embeddable":true,"href":"https:\/\/kanzlei-luebben.de\/index.php?rest_route=%2Fwp%2Fv2%2Fcomments&post=57"}],"version-history":[{"count":1,"href":"https:\/\/kanzlei-luebben.de\/index.php?rest_route=\/wp\/v2\/pages\/57\/revisions"}],"predecessor-version":[{"id":59,"href":"https:\/\/kanzlei-luebben.de\/index.php?rest_route=\/wp\/v2\/pages\/57\/revisions\/59"}],"wp:attachment":[{"href":"https:\/\/kanzlei-luebben.de\/index.php?rest_route=%2Fwp%2Fv2%2Fmedia&parent=57"}],"curies":[{"name":"wp","href":"https:\/\/api.w.org\/{rel}","templated":true}]}}